{"id":21,"date":"2009-04-12T20:59:50","date_gmt":"2009-04-12T20:59:50","guid":{"rendered":"http:\/\/auditec.cv\/referencias\/"},"modified":"2009-04-12T20:59:50","modified_gmt":"2009-04-12T20:59:50","slug":"referencias","status":"publish","type":"page","link":"https:\/\/auditec.cv\/en\/referencias\/","title":{"rendered":"References"},"content":{"rendered":"<h3>List of some customers &#8211; Companies and other organizations<\/h3>\n<ul>\n<li>AAC \u2013 Ag\u00eancia de Avia\u00e7\u00e3o Civil<\/li>\n<li>Agua Brava &#8211; Empresa de \u00c1guas Fogo e Brava, Lda.<\/li>\n<li>ALUCAR \u2013Empresa de Aluguer de Autom\u00f3veis, SA<\/li>\n<li>ANAC &#8211; Ag\u00eancia Nacional de Comunica\u00e7\u00f5es<\/li>\n<li>ANMCV &#8211; Associa\u00e7\u00e3o Nacional dos Munic\u00edpios Cabo-verdianos<\/li>\n<li>ARE &#8211; Ag\u00eancia de Regula\u00e7\u00e3o Econ\u00f3mica<\/li>\n<li>ASA &#8211; Aeroportos e Seguran\u00e7a A\u00e9rea, SA<\/li>\n<li>Associa\u00e7\u00e3o de Desenvolvimento Comunit\u00e1rio ABC de Patim<\/li>\n<li>Associa\u00e7\u00e3o de Desenvolvimento Comunit\u00e1rio de Cascabulho &#8211; Lacac\u00e3<\/li>\n<li>Associa\u00e7\u00e3o Liga Nazarena<\/li>\n<li>AUTOVERDE \u2013 Autom\u00f3veis de Cabo Verde , Lda.<\/li>\n<li>BAI &#8211; Banco Africano de Investimentos de Cabo Verde, SA<\/li>\n<li>BFI &#8211; Banco Fiduci\u00e1rio Internacional, I.F.I., SA<\/li>\n<li>C. VASCONCELOS Herdeiros, Lda. \u2013 Em Liquida\u00e7\u00e3o<\/li>\n<li>C\u00e2mara Municipal de S. Nicolau<\/li>\n<li>C\u00e2mara Municipal de Tarrafal de Santiago<\/li>\n<li>CCISS &#8211; C\u00e2mara de Com\u00e9rcio, Ind\u00fastria e Servi\u00e7os de Sotavento<\/li>\n<li>CI &#8211; Cabo Verde Investimentos<\/li>\n<li>CNE \u2013 Comiss\u00e3o Nacional de Elei\u00e7\u00f5es<\/li>\n<li>CONCAVE \u2013 Sociedade Cabo-verdiana de Constru\u00e7\u00e3o, SA<\/li>\n<li>Constru\u00e7\u00f5es Silva, SA<\/li>\n<li>COOPENSINO \u2013 Cooperativa de Ensino Superior (ISCEE)<\/li>\n<li>CVC &#8211; Constru\u00e7\u00f5es de Cabo Verde, SA<\/li>\n<li>CVT \u2013 Cabo Verde Telecom, SA<\/li>\n<li>FAEME &#8211; Fundo Aut\u00f3nomo de Edi\u00e7\u00e3o de Manuais Escolares<\/li>\n<li>FAMA \u2013 F\u00e1brica de Massas de Cabo Verde, SA<\/li>\n<li>FAMR &#8211; Fundo Aut\u00f3nomo de Manuten\u00e7\u00e3o Rodovi\u00e1ria<\/li>\n<li>Gabinete do Primeiro Ministro<\/li>\n<li>GTI &#8211; Gabinete T\u00e9cnico Inter Municipal de Santo Ant\u00e3o<\/li>\n<li>ICASE \u2013 Instituto Cabo-verdiano de Ac\u00e7\u00e3o Social Escolar<\/li>\n<li>ICS \u2013 Instituto Cabo-verdiano de Solidariedade<\/li>\n<li>IE \u2013 Instituto de Estradas<\/li>\n<li>IFH \u2013 Imobili\u00e1ria, Fundi\u00e1ria e Habitat, SA<\/li>\n<li>IMOTUR \u2013 Imobili\u00e1ria Tur\u00edstica de Cabo Verde, SA<\/li>\n<li>ISCJS \u2013 Instituto Superior de Ci\u00eancias Jur\u00eddicas e Sociais<\/li>\n<li>MACRO \u2013 Sociedade de Ind\u00fastria e Comercializa\u00e7\u00e3o de Materiais de Constru\u00e7\u00e3o, SA<\/li>\n<li>MARYVENT Cabo Verde Investimentos Tur\u00edsticos, SA<\/li>\n<li>Minist\u00e9rio da Economia Turismo<\/li>\n<li>Minist\u00e9rio da Educa\u00e7\u00e3o e dos Desportos<\/li>\n<li>Minist\u00e9rio da Justi\u00e7a<\/li>\n<li>Minist\u00e9rio da Sa\u00fade<\/li>\n<li>Minist\u00e9rio das Finan\u00e7as e Administra\u00e7\u00e3o P\u00fablica<\/li>\n<li>Minist\u00e9rio das Infra Estruturas, Transportes e Telecomunica\u00e7\u00f5es<\/li>\n<li>Minist\u00e9rio do Ambiente, Agricultura e Recursos Marinhos<\/li>\n<li>MOAVE \u2013 Moagem de Cabo Verde, SA<\/li>\n<li>MOURA COMPANY \u2013 Empresa de Transportes P\u00fablicos de Passageiros, Lda.<\/li>\n<li>OASIS &#8211; Organiza\u00e7\u00e3o das Associa\u00e7\u00f5es de Agricultores, Silvicultores e Pecu\u00e1rios de Santiago<\/li>\n<li>Procuradoria da Rep\u00fablica da Praia<\/li>\n<li>RM2-Gest\u00e3o de Neg\u00f3cios, Lda.<\/li>\n<li>SAAS \u2013 Servi\u00e7o de \u00c1gua e Saneamento de S. Catarina<\/li>\n<li>SAAS \u2013 Servi\u00e7o de \u00c1gua e Saneamento de S. Cruz<\/li>\n<li>SAAS \u2013 Servi\u00e7o de \u00c1gua e Saneamento de S. Domingos<\/li>\n<li>SAAS \u2013 Servi\u00e7o de \u00c1gua e Saneamento de S. Miguel<\/li>\n<li>SAAS \u2013 Servi\u00e7o de \u00c1gua e Saneamento de Tarrafal de Santiago<\/li>\n<li>SDE &#8211; Sociedade de Desenvolvimento Empresarial , SA<\/li>\n<li>Secretaria de Estado da Administra\u00e7\u00e3o P\u00fablica<\/li>\n<li>Sociedade de Desenvolvimento da Achada de Palmarejo, SA<\/li>\n<li>TECNICIL &#8211; Sociedade de Imobili\u00e1ria e Constru\u00e7\u00e3o, SA<\/li>\n<li>Tribunal Civil da Praia \u2013 2\u00ba Ju\u00edzo C\u00edvel<\/li>\n<li>TURIM \u2013 Sociedade Tur\u00edstica e Imobili\u00e1ria, SA<\/li>\n<li>UNTC-CS \u2013 Uni\u00e3o Nacional dos Trabalhadores Cabo-verdianos \u2013 Central Sindical<\/li>\n<li>VAS Cabo Verde, SA<\/li>\n<li>VERDEFAM \u2013 Associa\u00e7\u00e3o Cabo-verdiana para Protec\u00e7\u00e3o da Fam\u00edlia<\/li>\n<li>XAGUATE \u2013 Investimentos Tur\u00edsticos e Hoteleiros, SA<\/li>\n<\/ul>\n<h3>List of some customers &#8211; Development projects<\/h3>\n<ul>\n<li>Project Access to Justice for Vulnerable Groups, including Women<\/li>\n<li>Project Training Activities of Capeverdean Institute of Solidarity<\/li>\n<li>Project Support to the Realization of Municipal Elections<\/li>\n<li>Project Support to the Road Sector<\/li>\n<li>Project Institutional Support to the Education Sector<\/li>\n<li>Project Centre of Strategic Policies<\/li>\n<li>Project Growth and Competitiveness<\/li>\n<li>Project Integrated Basic Education of Santiago Island<\/li>\n<li>Project Counterpart Fund of the Japanese Food Aide<\/li>\n<li>Project Line of Credit to the Capeverdean Municipalities<\/li>\n<li>Project Fight Against Poverty in Rural Regions<\/li>\n<li>Project National Action Plan for the Environment<\/li>\n<li>Project Production and Integrated Protection of Crops<\/li>\n<li>Project Investment Program of the Ministry of Agriculture and Environment<\/li>\n<li>Project Protection of the Coastal Zone of Ribeira Seca<\/li>\n<li>Project Protection of Natural Resources of the Fogo Island<\/li>\n<li>Project Community-Based Rehabilitation of Disable Children<\/li>\n<li>Project Network on Public Administration and Management<\/li>\n<li>Project Integrated Reforestation of the Islands Santiago and Maio<\/li>\n<li>Project Technical and Institutional Capacity Building of the Court of Accounts<\/li>\n<li>Project Strengthening the Rule of Law in Cape Verde<\/li>\n<li>Project Urgency of Solid Waste Collection<\/li>\n<\/ul>\n<h3>List of some customers &#8211; Funders of development projects<\/h3>\n<ul>\n<li>French Development Agency (AFD)<\/li>\n<li>African Development Bank (BAD)<\/li>\n<li>German Bank of Credit for Development (KfW)<\/li>\n<li>World Bank (WB)<\/li>\n<li>Austrian Cooperation Agency<\/li>\n<li>Agricultural Cooperative for International Development of USA (ACDI\/VOCA)<\/li>\n<li>International Parenthood Planning Federation (IPPF)<\/li>\n<li>African Capacity Building Foundation (ACBF)<\/li>\n<li>International Fund for Agricultural Development (IFAD)<\/li>\n<li>Government of the Kingdom of Japan<\/li>\n<li>Government of the Kingdom of the Netherlands<\/li>\n<li>United Nations Development Program (UNDP)<\/li>\n<li>Radda Barnen of Sweden<\/li>\n<\/ul>\n","protected":false},"excerpt":{"rendered":"<p>List of some customers &#8211; Companies and other organizations AAC \u2013 Ag\u00eancia de Avia\u00e7\u00e3o Civil Agua Brava &#8211; Empresa de \u00c1guas Fogo e Brava, Lda. ALUCAR \u2013Empresa de Aluguer de Autom\u00f3veis, SA ANAC &#8211; Ag\u00eancia Nacional de Comunica\u00e7\u00f5es ANMCV &#8211; Associa\u00e7\u00e3o Nacional dos Munic\u00edpios Cabo-verdianos ARE &#8211; Ag\u00eancia de Regula\u00e7\u00e3o Econ\u00f3mica ASA &#8211; Aeroportos e&#8230;<\/p>\n","protected":false},"author":1,"featured_media":0,"parent":0,"menu_order":2,"comment_status":"closed","ping_status":"closed","template":"","meta":{"footnotes":""},"_links":{"self":[{"href":"https:\/\/auditec.cv\/en\/wp-json\/wp\/v2\/pages\/21"}],"collection":[{"href":"https:\/\/auditec.cv\/en\/wp-json\/wp\/v2\/pages"}],"about":[{"href":"https:\/\/auditec.cv\/en\/wp-json\/wp\/v2\/types\/page"}],"author":[{"embeddable":true,"href":"https:\/\/auditec.cv\/en\/wp-json\/wp\/v2\/users\/1"}],"replies":[{"embeddable":true,"href":"https:\/\/auditec.cv\/en\/wp-json\/wp\/v2\/comments?post=21"}],"version-history":[{"count":0,"href":"https:\/\/auditec.cv\/en\/wp-json\/wp\/v2\/pages\/21\/revisions"}],"wp:attachment":[{"href":"https:\/\/auditec.cv\/en\/wp-json\/wp\/v2\/media?parent=21"}],"curies":[{"name":"wp","href":"https:\/\/api.w.org\/{rel}","templated":true}]}}