{"id":10,"date":"2009-01-05T02:28:29","date_gmt":"2009-01-05T02:28:29","guid":{"rendered":"http:\/\/auditec.cv\/socios\/"},"modified":"2022-05-25T12:22:19","modified_gmt":"2022-05-25T12:22:19","slug":"socios","status":"publish","type":"page","link":"https:\/\/auditec.cv\/fr\/socios\/","title":{"rendered":"Associ\u00e9s et Consultants"},"content":{"rendered":"<p>Les associ\u00e9s de AUDITEC sont des professionnels qualifi\u00e9s, titulaires de dipl\u00f4mes universitaires, et trois d&rsquo;entre eux sont membres de l\u2019Ordre Professionnelles d\u2019Auditeurs et Comptables Agr\u00e9\u00e9s du Cap-Vert.<\/p>\n<p>JOAO MENDES est un Auditeur Agr\u00e9\u00e9 par OPACC-Ordre Professionnelle d\u2019Auditeurs et Comptables Agr\u00e9\u00e9s du Cap Vert, il d\u00e9tient les qualifications acad\u00e9miques de Master en Audit Interne et Contr\u00f4le de Gestion, Ma\u00eetrise en Gestion des Affaires et Licence en Comptabilit\u00e9 et Administration et il est actuellement Expert-Comptable, Commissaire aux Comptes et Consultant en Gestion.<\/p>\n<p>SEVERO SOARES &nbsp;est un R\u00e9viseur Officiel de Comptes par OROC-Ordre des R\u00e9viseurs Officiels de Comptes du Portugal et Auditeur Agr\u00e9\u00e9 par OPACC-Ordre Professionnelle d\u2019Auditeurs et Comptables Agr\u00e9\u00e9s du Cap Vert, il d\u00e9tient les qualifications acad\u00e9miques de Ma\u00eetrise en Gestion des Affaires et Licence en Comptabilit\u00e9 et Administration et il est actuellement Expert-Comptable, Commissaire aux Comptes et Consultant en Gestion.<\/p>\n<p>DRA. J\u00daLIA DA LUZ est une Comptable Agr\u00e9\u00e9 par OPACC-Ordre Professionnelle d\u2019Auditeurs et Comptables Agr\u00e9\u00e9s du Cap Vert, elle d\u00e9tient les qualifications acad\u00e9miques de Dipl\u00f4m\u00e9 en \u00c9tudes Sup\u00e9rieures de Management, Dipl\u00f4m\u00e9 en \u00c9tudes Sup\u00e9rieures Juridiques, Ma\u00eetrise en Audit Comptable et Financier et Licence en Comptabilit\u00e9 et Administration et elle est actuellement Auditeur et Consultant en Gestion.<\/p>\n<p>JOAO ANDRADE LOPES est un \u00c9conomiste S\u00e9nior, ancien membre du conseil d&rsquo;administration de la BCV-Banque Centrale du Cap-Vert, il d\u00e9tient les qualifications acad\u00e9miques de Dipl\u00f4m\u00e9 en Gestion Bancaire et Ma\u00eetrise en Sciences \u00c9conomiques et il est actuellement Consultant dans les domaines \u00c9conomiques et Bancaires.<\/p>\n<p>En ce qui concerne les consultants, AUDITEC a un effectif de trois auditeurs et consultants et, lorsque la taille et la complexit\u00e9 du travail le justifie, il a recourt \u00e0 des consultants ind\u00e9pendants hautement qualifi\u00e9s dans les domaines de comptabilit\u00e9 et finances, \u00e9conomie et gestion, informatique et analyse de syst\u00e8mes, ing\u00e9nierie et droit.<\/p>\n","protected":false},"excerpt":{"rendered":"<p>Les associ\u00e9s de AUDITEC sont des professionnels qualifi\u00e9s, titulaires de dipl\u00f4mes universitaires, et trois d&rsquo;entre eux sont membres de l\u2019Ordre Professionnelles d\u2019Auditeurs et Comptables Agr\u00e9\u00e9s du Cap-Vert. JOAO MENDES est un Auditeur Agr\u00e9\u00e9 par OPACC-Ordre Professionnelle d\u2019Auditeurs et Comptables Agr\u00e9\u00e9s du Cap Vert, il d\u00e9tient les qualifications acad\u00e9miques de Master en Audit Interne et Contr\u00f4le&#8230;<\/p>\n","protected":false},"author":1,"featured_media":0,"parent":0,"menu_order":2,"comment_status":"closed","ping_status":"closed","template":"","meta":{"footnotes":""},"_links":{"self":[{"href":"https:\/\/auditec.cv\/fr\/wp-json\/wp\/v2\/pages\/10"}],"collection":[{"href":"https:\/\/auditec.cv\/fr\/wp-json\/wp\/v2\/pages"}],"about":[{"href":"https:\/\/auditec.cv\/fr\/wp-json\/wp\/v2\/types\/page"}],"author":[{"embeddable":true,"href":"https:\/\/auditec.cv\/fr\/wp-json\/wp\/v2\/users\/1"}],"replies":[{"embeddable":true,"href":"https:\/\/auditec.cv\/fr\/wp-json\/wp\/v2\/comments?post=10"}],"version-history":[{"count":3,"href":"https:\/\/auditec.cv\/fr\/wp-json\/wp\/v2\/pages\/10\/revisions"}],"predecessor-version":[{"id":413,"href":"https:\/\/auditec.cv\/fr\/wp-json\/wp\/v2\/pages\/10\/revisions\/413"}],"wp:attachment":[{"href":"https:\/\/auditec.cv\/fr\/wp-json\/wp\/v2\/media?parent=10"}],"curies":[{"name":"wp","href":"https:\/\/api.w.org\/{rel}","templated":true}]}}