{"id":12,"date":"2009-01-05T02:31:26","date_gmt":"2009-01-05T02:31:26","guid":{"rendered":"http:\/\/auditec.cv\/clientes\/"},"modified":"2009-01-05T02:31:26","modified_gmt":"2009-01-05T02:31:26","slug":"clientes","status":"publish","type":"page","link":"https:\/\/auditec.cv\/fr\/clientes\/","title":{"rendered":"Les Clients"},"content":{"rendered":"<p>Depuis sa cr\u00e9ation, AUDITEC a d\u00e9j\u00e0 assur\u00e9 des services dans le cadre de son objet social a des entreprises de divers secteurs de l\u2019activit\u00e9 \u00e9conomique, services de l\u2019administration centrale et locale de l\u2019\u00c9tat, autorit\u00e9s administratives ind\u00e9pendants, institutions du secteur de la justice, associations du patronat et syndicats de travailleurs et d\u2019autres organisations non gouvernementales, ainsi que \u00e0 des programmes et projets financ\u00e9s par des bailleurs de fonds internationales.<\/p>\n<p>Les Clients de AUDITEC peuvent \u00eatre agroup\u00e9s conform\u00e9ment aux activit\u00e9s qu\u2019ils d\u00e9veloppent dans le secteur priv\u00e9, publique et social de l\u2019\u00e9conomie, comme suive:<\/p>\n<ul>\n<li>Agences de promotion d\u2019investissement externe<\/li>\n<li>Agences de r\u00e9gulation<\/li>\n<li>A\u00e9roports et s\u00e9curit\u00e9 a\u00e9rienne<\/li>\n<li>Associations d\u00e9veloppement communautaire<\/li>\n<li>Banque et services financiers<\/li>\n<li>Chambre de commerce, industrie et services<\/li>\n<li>Mairies et associations municipales<\/li>\n<li>Commerce d\u2019import-export<\/li>\n<li>Construction civile et ouvres publiques<\/li>\n<li>\u00c9tablissement d\u2019Enseignement Sup\u00e9rieur et Coop\u00e9rative<\/li>\n<li>H\u00f4tellerie et restauration<\/li>\n<li>Immobili\u00e8re touristique<\/li>\n<li>Industrie de transformation<\/li>\n<li>Instituts et services publiques<\/li>\n<li>Minist\u00e8res et fonds autonomes<\/li>\n<li>ONG et organisations sans bout lucratif<\/li>\n<li>Organisation de contr\u00f4le du processus \u00e9lectoral national<\/li>\n<li>Organisations syndicaux<\/li>\n<li>Programmes et projets de d\u00e9veloppement<\/li>\n<li>Location de voitures et commerce de voitures et de pi\u00e8ces de rechange<\/li>\n<li>Services d\u2019eau et assainissement<\/li>\n<li>T\u00e9l\u00e9communications<\/li>\n<li>Transports routi\u00e8res<\/li>\n<li>Tribunaux et procureur de la r\u00e9publique<\/li>\n<\/ul>\n","protected":false},"excerpt":{"rendered":"<p>Depuis sa cr\u00e9ation, AUDITEC a d\u00e9j\u00e0 assur\u00e9 des services dans le cadre de son objet social a des entreprises de divers secteurs de l\u2019activit\u00e9 \u00e9conomique, services de l\u2019administration centrale et locale de l\u2019\u00c9tat, autorit\u00e9s administratives ind\u00e9pendants, institutions du secteur de la justice, associations du patronat et syndicats de travailleurs et d\u2019autres organisations non gouvernementales, ainsi&#8230;<\/p>\n","protected":false},"author":1,"featured_media":0,"parent":0,"menu_order":13,"comment_status":"closed","ping_status":"closed","template":"","meta":{"footnotes":""},"_links":{"self":[{"href":"https:\/\/auditec.cv\/fr\/wp-json\/wp\/v2\/pages\/12"}],"collection":[{"href":"https:\/\/auditec.cv\/fr\/wp-json\/wp\/v2\/pages"}],"about":[{"href":"https:\/\/auditec.cv\/fr\/wp-json\/wp\/v2\/types\/page"}],"author":[{"embeddable":true,"href":"https:\/\/auditec.cv\/fr\/wp-json\/wp\/v2\/users\/1"}],"replies":[{"embeddable":true,"href":"https:\/\/auditec.cv\/fr\/wp-json\/wp\/v2\/comments?post=12"}],"version-history":[{"count":0,"href":"https:\/\/auditec.cv\/fr\/wp-json\/wp\/v2\/pages\/12\/revisions"}],"wp:attachment":[{"href":"https:\/\/auditec.cv\/fr\/wp-json\/wp\/v2\/media?parent=12"}],"curies":[{"name":"wp","href":"https:\/\/api.w.org\/{rel}","templated":true}]}}