{"id":16,"date":"2009-01-05T02:45:11","date_gmt":"2009-01-05T02:45:11","guid":{"rendered":"http:\/\/auditec.cv\/endereco\/"},"modified":"2025-02-20T18:00:18","modified_gmt":"2025-02-20T18:00:18","slug":"endereco","status":"publish","type":"page","link":"https:\/\/auditec.cv\/fr\/endereco\/","title":{"rendered":"Adress"},"content":{"rendered":"<p style=\"font-weight: 400;\"><strong>AUDITEC-Sociedade de Auditores Certificados, Lda.<\/strong><\/p>\n<p style=\"font-weight: 400;\">\n<p>Achada Santo Ant\u00f3nio \u2013 Rue Derri\u00e8re Gelataria \u00c1rtica<\/p>\n<p style=\"font-weight: 400;\">Bo\u00eete Postale n\u00ba 486 \u2013 Ville de Praia<\/p>\n<p style=\"font-weight: 400;\">R\u00e9publique du Cap Vert<\/p>\n<p style=\"font-weight: 400;\">AFRIQUE DE L\u2019OUEST<\/p>\n","protected":false},"excerpt":{"rendered":"<p>AUDITEC-Sociedade de Auditores Certificados, Lda. Achada Santo Ant\u00f3nio \u2013 Rue Derri\u00e8re Gelataria \u00c1rtica Bo\u00eete Postale n\u00ba 486 \u2013 Ville de Praia R\u00e9publique du Cap Vert AFRIQUE DE L\u2019OUEST<\/p>\n","protected":false},"author":1,"featured_media":0,"parent":0,"menu_order":12,"comment_status":"closed","ping_status":"closed","template":"","meta":{"footnotes":""},"_links":{"self":[{"href":"https:\/\/auditec.cv\/fr\/wp-json\/wp\/v2\/pages\/16"}],"collection":[{"href":"https:\/\/auditec.cv\/fr\/wp-json\/wp\/v2\/pages"}],"about":[{"href":"https:\/\/auditec.cv\/fr\/wp-json\/wp\/v2\/types\/page"}],"author":[{"embeddable":true,"href":"https:\/\/auditec.cv\/fr\/wp-json\/wp\/v2\/users\/1"}],"replies":[{"embeddable":true,"href":"https:\/\/auditec.cv\/fr\/wp-json\/wp\/v2\/comments?post=16"}],"version-history":[{"count":4,"href":"https:\/\/auditec.cv\/fr\/wp-json\/wp\/v2\/pages\/16\/revisions"}],"predecessor-version":[{"id":680,"href":"https:\/\/auditec.cv\/fr\/wp-json\/wp\/v2\/pages\/16\/revisions\/680"}],"wp:attachment":[{"href":"https:\/\/auditec.cv\/fr\/wp-json\/wp\/v2\/media?parent=16"}],"curies":[{"name":"wp","href":"https:\/\/api.w.org\/{rel}","templated":true}]}}