{"id":67,"date":"2011-02-26T16:11:48","date_gmt":"2011-02-26T16:11:48","guid":{"rendered":"http:\/\/auditec.cv\/declaracao\/"},"modified":"2011-02-26T16:11:48","modified_gmt":"2011-02-26T16:11:48","slug":"declaracao","status":"publish","type":"page","link":"https:\/\/auditec.cv\/fr\/declaracao\/","title":{"rendered":"D\u00e9claration de la Soci\u00e9t\u00e9"},"content":{"rendered":"<p><b>Mission<br \/>\n<\/b><br \/>\nAUDITEC prend comme sa mission servir le public, y compris les entreprises et autres organisations du secteur priv\u00e9, social et publique de l&rsquo;\u00e9conomie, avec des services d&rsquo;audit et services connexes et des services de conseil et de consultation en gestion, assur\u00e9s par des professionnels comp\u00e9tents et d\u00e9vou\u00e9s, dans le but de certifier et\/ou d\u2019\u00e9valuer la situation financi\u00e8re et les r\u00e9sultats, am\u00e9liorer les op\u00e9rations et r\u00e9aliser les objectifs de l&rsquo;entit\u00e9 et, de cette fa\u00e7on, d\u2019ajouter de la valeur.<b><\/p>\n<p>Valeurs<\/p>\n<p><\/b>AUDITEC fait usage, dans le quotidien, des principes \u00e9thiques et d\u00e9ontologiques propres \u00e0 la profession comptable, \u00e9tant toujours pr\u00e9sentes les valeurs de l\u2019ind\u00e9pendance, de l\u2019objectivit\u00e9, du rigueur technique et de l&rsquo;honn\u00eatet\u00e9 intellectuelle et morale.<b><\/p>\n<p>M\u00e9thodologie de travail<\/p>\n<p><\/b>Apr\u00e8s qu\u2019il est contact\u00e9 par le Client, AUDITEC analyse pr\u00e9alablement les besoins de ce-ci ou exprime sa compr\u00e9hension du cadre et des objectifs de la mission propos\u00e9e et pr\u00e9sente une approche \u00e0 la mission, visant \u00e0 atteindre les r\u00e9sultats recherch\u00e9s par le Client. Apr\u00e8s avoir sign\u00e9 un terme de compromis avec le Client, le sujet de la mission est approfondi et il est d\u00e9fini le niveau de risque encouru. En suite il y a une planification et programmation des travaux, les travaux sur le terrain et la synth\u00e8se et l&rsquo;\u00e9laboration d&rsquo;un rapport pr\u00e9liminaire, qui sera soumis au Client pour des commentaires appropri\u00e9s. Apr\u00e8s avoir examin\u00e9 les commentaires du Client sur le rapport pr\u00e9liminaire est publi\u00e9 le rapport final de la mission.<b><\/p>\n<p>Contr\u00f4le de la qualit\u00e9<br \/>\n<\/b><br \/>\nAUDITEC adopte la r\u00e8gle suivante: l&rsquo;ex\u00e9cution des travaux par l&rsquo;auditeur et consultant avec une fonction d\u2019auditeur assistant est toujours r\u00e9vis\u00e9e par un autre auditeur et consultant avec une fonction d\u2019auditeur senior, \u00e9tant donn\u00e9 que toutes les phases d&rsquo;une mission, depuis son acceptation jusqu\u2019\u00e0 l&rsquo;acte de signature du rapport final, sont r\u00e9vis\u00e9es par l\u2019associ\u00e9 responsable pour la dite mission. AUDITEC et leurs associ\u00e9s qui sont des Auditeurs Agr\u00e9\u00e9s, en tant que membres de l&rsquo;Ordre Professionnel d\u2019Auditeurs et Comptables Agr\u00e9\u00e9s, sont soumis, et se dispose tout le temps, au contr\u00f4le de qualit\u00e9 que l\u2019Ordre d\u00e9cide d\u2019impl\u00e9menter.<\/p>\n","protected":false},"excerpt":{"rendered":"<p>Mission AUDITEC prend comme sa mission servir le public, y compris les entreprises et autres organisations du secteur priv\u00e9, social et publique de l&rsquo;\u00e9conomie, avec des services d&rsquo;audit et services connexes et des services de conseil et de consultation en gestion, assur\u00e9s par des professionnels comp\u00e9tents et d\u00e9vou\u00e9s, dans le but de certifier et\/ou d\u2019\u00e9valuer&#8230;<\/p>\n","protected":false},"author":1,"featured_media":0,"parent":0,"menu_order":1,"comment_status":"closed","ping_status":"closed","template":"","meta":{"footnotes":""},"_links":{"self":[{"href":"https:\/\/auditec.cv\/fr\/wp-json\/wp\/v2\/pages\/67"}],"collection":[{"href":"https:\/\/auditec.cv\/fr\/wp-json\/wp\/v2\/pages"}],"about":[{"href":"https:\/\/auditec.cv\/fr\/wp-json\/wp\/v2\/types\/page"}],"author":[{"embeddable":true,"href":"https:\/\/auditec.cv\/fr\/wp-json\/wp\/v2\/users\/1"}],"replies":[{"embeddable":true,"href":"https:\/\/auditec.cv\/fr\/wp-json\/wp\/v2\/comments?post=67"}],"version-history":[{"count":0,"href":"https:\/\/auditec.cv\/fr\/wp-json\/wp\/v2\/pages\/67\/revisions"}],"wp:attachment":[{"href":"https:\/\/auditec.cv\/fr\/wp-json\/wp\/v2\/media?parent=67"}],"curies":[{"name":"wp","href":"https:\/\/api.w.org\/{rel}","templated":true}]}}