{"id":517,"date":"2022-10-09T10:48:49","date_gmt":"2022-10-09T10:48:49","guid":{"rendered":"http:\/\/auditec.cv\/pt\/?page_id=517"},"modified":"2022-10-10T20:24:29","modified_gmt":"2022-10-10T20:24:29","slug":"apresentacao","status":"publish","type":"page","link":"https:\/\/auditec.cv\/pt\/apresentacao\/","title":{"rendered":"Apresenta\u00e7\u00e3o"},"content":{"rendered":"<div class=\"wp-block-image\">\n<figure class=\"alignright size-full is-resized\"><img loading=\"lazy\" decoding=\"async\" src=\"http:\/\/auditec.cv\/wp-content\/uploads\/2009\/01\/auditoria.jpg\" alt=\"\" class=\"wp-image-6\" width=\"375\" height=\"250\" srcset=\"https:\/\/auditec.cv\/wp-content\/uploads\/2009\/01\/auditoria.jpg 500w, https:\/\/auditec.cv\/wp-content\/uploads\/2009\/01\/auditoria-300x200.jpg 300w\" sizes=\"(max-width: 375px) 100vw, 375px\" \/><\/figure><\/div>\n\n\n<p class=\"has-text-align-left\">AUDITEC-Sociedade de Auditores Certificados, Lda. \u00e9 uma firma de auditoria e consultoria, constitu\u00edda atrav\u00e9s de escritura p\u00fablica notarial, cujo estatuto foi publicado no B. O. n.\u00ba 38, II s\u00e9rie, de 30-Set-1993.<br>AUDITEC encontra-se inscrita na Conservat\u00f3ria do Registo Comercial sob Matr\u00edcula n\u00ba 295 e foi-lhe atribu\u00eddo pela Dire\u00e7\u00e3o Geral das Contribui\u00e7\u00f5es e Impostos o N\u00famero de Identifica\u00e7\u00e3o Fiscal 200 133 373.<\/p>\n\n\n\n<p><br>AUDITEC encontra-se registada na Ordem Profissional de Auditores e Contabilistas Certificados, com o Registo n\u00ba 4, detendo as seguintes atribui\u00e7\u00f5es espec\u00edficas e\/ou reservadas, previstas na lei:<\/p>\n\n\n\n<p>a) Realiza\u00e7\u00e3o de auditorias de demonstra\u00e7\u00f5es financeiras completas e respetiva certifica\u00e7\u00e3o;<\/p>\n\n\n\n<p>b) Realiza\u00e7\u00e3o de revis\u00f5es de demonstra\u00e7\u00f5es financeiras, outros trabalhos de garantia de fiabilidade de<br>informa\u00e7\u00e3o financeira, trabalhos com base em procedimentos acordados e outros servi\u00e7os relacionados, e elabora\u00e7\u00e3o dos respetivos relat\u00f3rios;<\/p>\n\n\n\n<p>c) Outros atos caracter\u00edsticos da profiss\u00e3o de auditor, de acordo com os padr\u00f5es internacionalmente definidos pela IFAC-International Federation of Accountants, mormente, parecer sobre aumento de capital por incorpora\u00e7\u00e3o de reservas;<\/p>\n\n\n\n<p>realiza\u00e7\u00e3o de capital em esp\u00e9cie; transforma\u00e7\u00e3o, fus\u00e3o e cis\u00e3o de sociedades;<\/p>\n\n\n\n<p>e outros neg\u00f3cios sociais, previstos no C\u00f3digo das Empresas Comerciais, bem como consultoria nos casos de dissolu\u00e7\u00e3o, liquida\u00e7\u00e3o e extin\u00e7\u00e3o de sociedades.<\/p>\n\n\n\n<p>A AUDITEC poder\u00e1 tamb\u00e9m,<\/p>\n\n\n\n<p>d) Rever, processar, fechar e assinar demonstra\u00e7\u00f5es financeiras de empresas ou institui\u00e7\u00f5es, incluindo para efeitos de bolsa de valores, etc.;<\/p>\n\n\n\n<p>e) Intervir como perito contabilista na instru\u00e7\u00e3o de quaisquer processos judiciais e como gestor liquidat\u00e1rio judicial;<\/p>\n\n\n\n<p>f) Assessorar, fazer consultoria e ministrar forma\u00e7\u00e3o em mat\u00e9rias relacionadas ou acess\u00f3rias da contabilidade e auditoria.<\/p>\n","protected":false},"excerpt":{"rendered":"<p>AUDITEC-Sociedade de Auditores Certificados, Lda. \u00e9 uma firma de auditoria e consultoria, constitu\u00edda atrav\u00e9s de escritura p\u00fablica notarial, cujo estatuto foi publicado no B. O. n.\u00ba 38, II s\u00e9rie, de 30-Set-1993.AUDITEC encontra-se inscrita na Conservat\u00f3ria do Registo Comercial sob Matr\u00edcula n\u00ba 295 e foi-lhe atribu\u00eddo pela Dire\u00e7\u00e3o Geral das Contribui\u00e7\u00f5es e Impostos o N\u00famero de&#8230;<\/p>\n","protected":false},"author":1,"featured_media":0,"parent":0,"menu_order":0,"comment_status":"closed","ping_status":"closed","template":"","meta":{"footnotes":""},"_links":{"self":[{"href":"https:\/\/auditec.cv\/pt\/wp-json\/wp\/v2\/pages\/517"}],"collection":[{"href":"https:\/\/auditec.cv\/pt\/wp-json\/wp\/v2\/pages"}],"about":[{"href":"https:\/\/auditec.cv\/pt\/wp-json\/wp\/v2\/types\/page"}],"author":[{"embeddable":true,"href":"https:\/\/auditec.cv\/pt\/wp-json\/wp\/v2\/users\/1"}],"replies":[{"embeddable":true,"href":"https:\/\/auditec.cv\/pt\/wp-json\/wp\/v2\/comments?post=517"}],"version-history":[{"count":4,"href":"https:\/\/auditec.cv\/pt\/wp-json\/wp\/v2\/pages\/517\/revisions"}],"predecessor-version":[{"id":526,"href":"https:\/\/auditec.cv\/pt\/wp-json\/wp\/v2\/pages\/517\/revisions\/526"}],"wp:attachment":[{"href":"https:\/\/auditec.cv\/pt\/wp-json\/wp\/v2\/media?parent=517"}],"curies":[{"name":"wp","href":"https:\/\/api.w.org\/{rel}","templated":true}]}}