{"id":67,"date":"2011-02-26T16:11:48","date_gmt":"2011-02-26T16:11:48","guid":{"rendered":"http:\/\/auditec.cv\/declaracao\/"},"modified":"2011-02-26T16:11:48","modified_gmt":"2011-02-26T16:11:48","slug":"declaracao","status":"publish","type":"page","link":"https:\/\/auditec.cv\/pt\/declaracao\/","title":{"rendered":"Declara\u00e7\u00e3o"},"content":{"rendered":"<p><b>Miss\u00e3o<\/b><\/p>\n<p>A AUDITEC assume como miss\u00e3o colocar ao servi\u00e7o do p\u00fablico, abrangendo as empresas e outras organiza\u00e7\u00f5es dos sectores privado, social e estatal da economia, servi\u00e7os de auditoria e servi\u00e7os relacionados e servi\u00e7os de assessoria e de consultadoria de gest\u00e3o, prestados por profissionais competentes e dedicados, que contribuam, entre outras, para situar e\/ou avaliar a posi\u00e7\u00e3o e o desempenho financeiros, melhorar as opera\u00e7\u00f5es e alcan\u00e7ar os objectivos da entidade e, dessa forma, acrescentar valor.<\/p>\n<p><b>Valores<\/b><\/p>\n<p>A AUDITEC age com base nos princ\u00edpios \u00e9ticos e deontol\u00f3gicos, pr\u00f3prios da profiss\u00e3o contabil\u00edstica, onde est\u00e3o permanentemente presentes valores com os da independ\u00eancia, do rigor t\u00e9cnico e da honestidade moral e intelectual.<\/p>\n<p><b>Metodologia de trabalho<\/b><\/p>\n<p>Contactado pelo Cliente, a AUDITEC analisa previamente as necessidades deste e prop\u00f5e uma solu\u00e7\u00e3o. Ap\u00f3s a assinatura de um termo de compromisso, \u00e9 aprofundada a an\u00e1lise do objecto da miss\u00e3o e definido o n\u00edvel dos riscos envolvidos, ao qual se segue o planeamento e a programa\u00e7\u00e3o do trabalho, a sua execu\u00e7\u00e3o no terreno e a s\u00edntese e a elabora\u00e7\u00e3o de um relat\u00f3rio preliminar, que \u00e9 submetido ao Cliente para os devidos coment\u00e1rios. Face aos coment\u00e1rios do Cliente, ao relat\u00f3rio preliminar, s\u00e3o ajustados os termos do relat\u00f3rio definitivo da miss\u00e3o. <\/p>\n<p><b>Controlo de qualidade<\/b><\/p>\n<p>A AUDITEC adopta a seguinte regra: a execu\u00e7\u00e3o do trabalho do auditor e consultor com fun\u00e7\u00e3o de assistente \u00e9 sempre revisada por um outro auditor e consultor com fun\u00e7\u00e3o de s\u00e9nior, sendo que todas as fases de uma miss\u00e3o, desde a sua aceita\u00e7\u00e3o at\u00e9 ao acto da assinatura do relat\u00f3rio definitivo, passa pelo crivo do s\u00f3cio respons\u00e1vel pela mesma. A AUDITEC e os seus s\u00f3cios que forem Auditores Certificados, por serem membros da Ordem Profissional de Auditores e Contabilistas Certificados, encontram-se sujeitos, e disp\u00f5e-se a todo o momento, ao controlo de qualidade que a Ordem decida implementar.<\/p>\n<p><\/p>\n","protected":false},"excerpt":{"rendered":"<p>Miss\u00e3o A AUDITEC assume como miss\u00e3o colocar ao servi\u00e7o do p\u00fablico, abrangendo as empresas e outras organiza\u00e7\u00f5es dos sectores privado, social e estatal da economia, servi\u00e7os de auditoria e servi\u00e7os relacionados e servi\u00e7os de assessoria e de consultadoria de gest\u00e3o, prestados por profissionais competentes e dedicados, que contribuam, entre outras, para situar e\/ou avaliar a&#8230;<\/p>\n","protected":false},"author":1,"featured_media":0,"parent":0,"menu_order":1,"comment_status":"closed","ping_status":"closed","template":"","meta":{"footnotes":""},"_links":{"self":[{"href":"https:\/\/auditec.cv\/pt\/wp-json\/wp\/v2\/pages\/67"}],"collection":[{"href":"https:\/\/auditec.cv\/pt\/wp-json\/wp\/v2\/pages"}],"about":[{"href":"https:\/\/auditec.cv\/pt\/wp-json\/wp\/v2\/types\/page"}],"author":[{"embeddable":true,"href":"https:\/\/auditec.cv\/pt\/wp-json\/wp\/v2\/users\/1"}],"replies":[{"embeddable":true,"href":"https:\/\/auditec.cv\/pt\/wp-json\/wp\/v2\/comments?post=67"}],"version-history":[{"count":0,"href":"https:\/\/auditec.cv\/pt\/wp-json\/wp\/v2\/pages\/67\/revisions"}],"wp:attachment":[{"href":"https:\/\/auditec.cv\/pt\/wp-json\/wp\/v2\/media?parent=67"}],"curies":[{"name":"wp","href":"https:\/\/api.w.org\/{rel}","templated":true}]}}