{"id":9,"date":"2009-01-05T02:24:14","date_gmt":"2009-01-05T02:24:14","guid":{"rendered":"http:\/\/auditec.cv\/breve-apresentacao-da-auditec\/"},"modified":"2025-01-08T16:55:55","modified_gmt":"2025-01-08T16:55:55","slug":"breve-apresentacao-da-auditec","status":"publish","type":"page","link":"https:\/\/auditec.cv\/pt\/","title":{"rendered":"Mensagem de Ano Novo"},"content":{"rendered":"<div class=\"wp-block-image\">\n<figure class=\"alignright size-full is-resized\"><img loading=\"lazy\" decoding=\"async\" width=\"500\" height=\"500\" src=\"https:\/\/auditec.cv\/wp-content\/uploads\/2025\/01\/2025.png\" alt=\"\" class=\"wp-image-612\" style=\"width:333px;height:auto\" srcset=\"https:\/\/auditec.cv\/wp-content\/uploads\/2025\/01\/2025.png 500w, https:\/\/auditec.cv\/wp-content\/uploads\/2025\/01\/2025-300x300.png 300w, https:\/\/auditec.cv\/wp-content\/uploads\/2025\/01\/2025-150x150.png 150w, https:\/\/auditec.cv\/wp-content\/uploads\/2025\/01\/2025-350x350.png 350w\" sizes=\"(max-width: 500px) 100vw, 500px\" \/><\/figure><\/div>\n\n\n<p>A equipa da AUDITEC-Sociedade de Auditores Certificados, Lda. deseja a todos os nossos clientes e amigos um Ano Novo repleto de realiza\u00e7\u00f5es, sa\u00fade e prosperidade.<\/p>\n\n\n\n<p>Em 2025, continuaremos a ser o vosso parceiro de confian\u00e7a, comprometidos com a excel\u00eancia, a transpar\u00eancia e o rigor que sempre nos definiram. O vosso sucesso \u00e9 a nossa motiva\u00e7\u00e3o, e estaremos ao vosso lado para apoiar o crescimento e a sustentabilidade dos vossos neg\u00f3cios.<\/p>\n\n\n\n<p>Agradecemos pela confian\u00e7a depositada em n\u00f3s ao longo deste ano e renovamos o nosso compromisso de oferecer servi\u00e7os de qualidade, com solu\u00e7\u00f5es que fazem a diferen\u00e7a.<\/p>\n\n\n\n<p>Que este novo ano traga novas oportunidades e conquistas para todos. Vamos juntos construir um 2025 ainda melhor!<\/p>\n\n\n\n<p>AUDITEC-Sociedade de Auditores Certificados, Lda.<br><em>Confian\u00e7a. Rigor. Transpar\u00eancia.<\/em><\/p>\n\n\n\n<p><\/p>\n\n\n\n<h1 class=\"wp-block-heading\">Breve apresenta\u00e7\u00e3o da AUDITEC<\/h1>\n\n\n<p><img decoding=\"async\" style=\"float: right;\" src=\"http:\/\/auditec.cv\/wp-content\/uploads\/2009\/01\/auditoria.jpg\" width=\"150\" \/>AUDITEC-Sociedade de Auditores Certificados, Lda. \u00e9 uma firma de auditoria e consultoria, constitu\u00edda atrav\u00e9s de escritura p\u00fablica notarial, cujo estatuto foi publicado no B. O. n.\u00ba 38, II s\u00e9rie, de 30-Set-1993.<br \/>AUDITEC encontra-se inscrita na Conservat\u00f3ria do Registo Comercial sob Matr\u00edcula n\u00ba 295 e foi-lhe atribu\u00eddo pela Dire\u00e7\u00e3o Geral das Contribui\u00e7\u00f5es e Impostos o N\u00famero de Identifica\u00e7\u00e3o Fiscal 200 133 373.<\/p>\n<p><a href=\"http:\/\/auditec.cv\/apresentacao\/\">Ver mais&#8230;<\/a><\/p>\n<p><a href=\"http:\/\/auditec.cv\/wp-content\/uploads\/2009\/01\/docspublicos_Apresentacao-Actualizada-da-AUDITEC-Sociedade-de-Auditores-Certificados-Lda.pdf\" target=\"_blank\" rel=\"noopener\">Apresenta\u00e7\u00e3o Actualizada <\/a><a href=\"http:\/\/auditec.cv\/wp-content\/uploads\/2009\/01\/docspublicos_Apresentacao-Actualizada-da-AUDITEC-Sociedade-de-Auditores-Certificados-Lda.pdf\" target=\"_blank\" rel=\"noopener\"><img loading=\"lazy\" decoding=\"async\" class=\"alignleft\" style=\"font-size: 12.16px; float: right; margin-left: 10px; margin-right: 10px;\" src=\"http:\/\/auditec.cv\/wp-content\/uploads\/2009\/01\/pdf.jpg\" width=\"66\" height=\"66\" align=\"right\" \/><\/a><\/p>\n<section data-settings=\"{&quot;layout&quot;:&quot;list&quot;,&quot;columns_desktop&quot;:&quot;1&quot;,&quot;gutter_hr&quot;:15,&quot;gutter_vr&quot;:15,&quot;animation&quot;:&quot;fade&quot;,&quot;animation_duration&quot;:0.4,&quot;animation_delay&quot;:0.2,&quot;deeplinking&quot;:&quot;&quot;,&quot;filters_linkable&quot;:&quot;no&quot;,&quot;filters_default_filter&quot;:&quot;&quot;,&quot;filters_count&quot;:&quot;&quot;,&quot;filters_hide_empty&quot;:&quot;&quot;,&quot;filters_animation&quot;:&quot;default&quot;,&quot;filters_animation_duration&quot;:0.4,&quot;filters_animation_delay&quot;:0.2,&quot;pagination_type&quot;:&quot;load-more&quot;,&quot;pagination_max_pages&quot;:1,&quot;media_align&quot;:&quot;left&quot;,&quot;media_width&quot;:30,&quot;media_distance&quot;:20,&quot;lightbox&quot;:{&quot;selector&quot;:&quot;.wpr-grid-image-wrap&quot;,&quot;iframeMaxWidth&quot;:&quot;60%&quot;,&quot;hash&quot;:false,&quot;autoplay&quot;:&quot;true&quot;,&quot;pause&quot;:5000,&quot;progressBar&quot;:&quot;true&quot;,&quot;counter&quot;:&quot;true&quot;,&quot;controls&quot;:&quot;true&quot;,&quot;getCaptionFromTitleOrAlt&quot;:&quot;true&quot;,&quot;thumbnail&quot;:&quot;&quot;,&quot;showThumbByDefault&quot;:&quot;&quot;,&quot;share&quot;:&quot;&quot;,&quot;zoom&quot;:&quot;true&quot;,&quot;fullScreen&quot;:&quot;true&quot;,&quot;download&quot;:&quot;true&quot;}}\">\n<article>\n<h2><a href=\"http:\/\/auditec.cv\/as-sociedades-profissionais-no-novo-estatuto-da-ordem-dos-auditores-e-contabilistas-certificados\/\">As sociedades profissionais no novo Estatuto da Ordem dos Auditores e Contabilistas Certificados<\/a><\/h2>\n<p><img decoding=\"async\" src=\"http:\/\/auditec.cv\/wp-content\/uploads\/2020\/05\/images_estatuto1-150x150.jpg\" alt=\"As sociedades profissionais no novo Estatuto da Ordem dos Auditores e Contabilistas Certificados\" \/><a href=\"http:\/\/auditec.cv\/as-sociedades-profissionais-no-novo-estatuto-da-ordem-dos-auditores-e-contabilistas-certificados\/\">Ver mais&#8230;<\/a><\/p>\n<\/article>\n<article>\n<h2><a href=\"http:\/\/auditec.cv\/uma-leitura-preliminar-da-lei-do-orcamento-do-estado-de-cabo-verde-para-2021-centrada-no-sistema-fiscal\/\">Uma leitura preliminar da Lei do Or\u00e7amento do Estado de Cabo Verde para 2021 centrada no sistema fiscal<\/a><\/h2>\n<p><a href=\"http:\/\/auditec.cv\/uma-leitura-preliminar-da-lei-do-orcamento-do-estado-de-cabo-verde-para-2021-centrada-no-sistema-fiscal\/\"><img loading=\"lazy\" decoding=\"async\" class=\"alignnone  wp-image-86\" src=\"https:\/\/auditec.cv\/wp-content\/uploads\/2021\/01\/121110551_3280884838626737_8057957426365414799_n-300x300.jpg\" alt=\"Quadro s\u00edntese para donwload\" width=\"217\" height=\"217\" srcset=\"https:\/\/auditec.cv\/wp-content\/uploads\/2021\/01\/121110551_3280884838626737_8057957426365414799_n-300x300.jpg 300w, https:\/\/auditec.cv\/wp-content\/uploads\/2021\/01\/121110551_3280884838626737_8057957426365414799_n-150x150.jpg 150w, https:\/\/auditec.cv\/wp-content\/uploads\/2021\/01\/121110551_3280884838626737_8057957426365414799_n-350x350.jpg 350w, https:\/\/auditec.cv\/wp-content\/uploads\/2021\/01\/121110551_3280884838626737_8057957426365414799_n.jpg 540w\" sizes=\"(max-width: 217px) 100vw, 217px\" \/>Ver mais&#8230;<\/a><\/p>\n<\/article>\n<article>\n<h2><a href=\"http:\/\/auditec.cv\/a-contabilidade-face-ao-surto-sanitario-do-covid-19-procedimentos-que-os-contabilistas-cabo-verdianos-devem-adotar\/\">A contabilidade face ao surto sanit\u00e1rio do COVID-19. Procedimentos que os contabilistas cabo-verdianos devem adotar<\/a><\/h2>\n<p><img loading=\"lazy\" decoding=\"async\" class=\"alignnone  wp-image-75\" src=\"https:\/\/auditec.cv\/wp-content\/uploads\/2020\/04\/covid19-300x210.png\" alt=\"\" width=\"241\" height=\"169\" srcset=\"https:\/\/auditec.cv\/wp-content\/uploads\/2020\/04\/covid19-300x210.png 300w, https:\/\/auditec.cv\/wp-content\/uploads\/2020\/04\/covid19.png 529w\" sizes=\"(max-width: 241px) 100vw, 241px\" \/><a href=\"http:\/\/auditec.cv\/a-contabilidade-face-ao-surto-sanitario-do-covid-19-procedimentos-que-os-contabilistas-cabo-verdianos-devem-adotar\/\">Ver mais&#8230;<\/a><\/p>\n<\/article>\n<\/section>\n\n","protected":false},"excerpt":{"rendered":"<p><img decoding=\"async\" class=\" alignright size-full wp-image-6 alignright size-full wp-image-6\" mce_src=\"http:\/\/auditec.cv\/wp-content\/uploads\/2009\/01\/auditoria.jpg\" src=\"http:\/\/auditec.cv\/wp-content\/uploads\/2009\/01\/auditoria.jpg\" width=\"150\" style=\"float: right;\" mce_style=\"float: right;\" srcset=\"https:\/\/auditec.cv\/wp-content\/uploads\/2009\/01\/auditoria.jpg 500w, https:\/\/auditec.cv\/wp-content\/uploads\/2009\/01\/auditoria-300x200.jpg 300w\" sizes=\"(max-width: 500px) 100vw, 500px\" \/>AUDITEC-Sociedade de Auditores Certificados, Lda. \u00e9 uma firma de auditoria e consultoria, constitu\u00edda atrav\u00e9s de escritura p\u00fablica notarial, cujo estatuto foi publicado no B. O. n.\u00ba 38, II s\u00e9rie, de 30-Set-1993.<\/p>\n<p>AUDITEC encontra-se inscrita na Conservat\u00f3ria do Registo Comercial sob Matr\u00edcula n\u00ba 295 e foi-lhe atribu\u00eddo pela Dire\u00e7\u00e3o Geral das Contribui\u00e7\u00f5es e Impostos o N\u00famero de Identifica\u00e7\u00e3o Fiscal 200 133 373.<\/p>\n","protected":false},"author":1,"featured_media":6,"parent":0,"menu_order":3,"comment_status":"closed","ping_status":"closed","template":"","meta":{"footnotes":""},"_links":{"self":[{"href":"https:\/\/auditec.cv\/pt\/wp-json\/wp\/v2\/pages\/9"}],"collection":[{"href":"https:\/\/auditec.cv\/pt\/wp-json\/wp\/v2\/pages"}],"about":[{"href":"https:\/\/auditec.cv\/pt\/wp-json\/wp\/v2\/types\/page"}],"author":[{"embeddable":true,"href":"https:\/\/auditec.cv\/pt\/wp-json\/wp\/v2\/users\/1"}],"replies":[{"embeddable":true,"href":"https:\/\/auditec.cv\/pt\/wp-json\/wp\/v2\/comments?post=9"}],"version-history":[{"count":23,"href":"https:\/\/auditec.cv\/pt\/wp-json\/wp\/v2\/pages\/9\/revisions"}],"predecessor-version":[{"id":613,"href":"https:\/\/auditec.cv\/pt\/wp-json\/wp\/v2\/pages\/9\/revisions\/613"}],"wp:featuredmedia":[{"embeddable":true,"href":"https:\/\/auditec.cv\/pt\/wp-json\/wp\/v2\/media\/6"}],"wp:attachment":[{"href":"https:\/\/auditec.cv\/pt\/wp-json\/wp\/v2\/media?parent=9"}],"curies":[{"name":"wp","href":"https:\/\/api.w.org\/{rel}","templated":true}]}}